{"id":13248,"date":"2023-05-11T03:47:19","date_gmt":"2023-05-11T01:47:19","guid":{"rendered":"https:\/\/www.intrakommuna.de\/datenschutz\/"},"modified":"2025-10-02T12:25:51","modified_gmt":"2025-10-02T10:25:51","slug":"data-protection","status":"publish","type":"page","link":"https:\/\/www.intrakommuna.de\/en\/data-protection\/","title":{"rendered":"Data protection"},"content":{"rendered":"\t\t<div data-elementor-type=\"wp-post\" data-elementor-id=\"13248\" class=\"elementor elementor-13248 elementor-9461\" data-elementor-settings=\"{&quot;ha_cmc_init_switcher&quot;:&quot;no&quot;}\" data-elementor-post-type=\"page\">\n\t\t\t\t\t\t<section data-particle_enable=\"false\" data-particle-mobile-disabled=\"false\" class=\"elementor-section elementor-top-section elementor-element elementor-element-228185af elementor-section-stretched elementor-reverse-tablet elementor-reverse-mobile elementor-section-content-middle elementor-section-boxed elementor-section-height-default elementor-section-height-default\" data-id=\"228185af\" data-element_type=\"section\" data-e-type=\"section\" data-settings=\"{&quot;stretch_section&quot;:&quot;section-stretched&quot;,&quot;background_background&quot;:&quot;classic&quot;,&quot;_ha_eqh_enable&quot;:false}\">\n\t\t\t\t\t\t<div class=\"elementor-container elementor-column-gap-custom\">\n\t\t\t\t\t<div class=\"elementor-column elementor-col-100 elementor-top-column elementor-element elementor-element-4e99dfaf offerflex round\" data-id=\"4e99dfaf\" data-element_type=\"column\" data-e-type=\"column\">\n\t\t\t<div class=\"elementor-widget-wrap elementor-element-populated\">\n\t\t\t\t\t\t<div class=\"elementor-element elementor-element-549b7cfb elementor-widget__width-inherit elementor-widget elementor-widget-heading\" data-id=\"549b7cfb\" data-element_type=\"widget\" data-e-type=\"widget\" data-widget_type=\"heading.default\">\n\t\t\t\t<div class=\"elementor-widget-container\">\n\t\t\t\t\t<h1 class=\"elementor-heading-title elementor-size-default\">Data Protection<\/h1>\t\t\t\t<\/div>\n\t\t\t\t<\/div>\n\t\t\t\t\t<\/div>\n\t\t<\/div>\n\t\t\t\t\t<\/div>\n\t\t<\/section>\n\t\t\t\t<section data-particle_enable=\"false\" data-particle-mobile-disabled=\"false\" class=\"elementor-section elementor-inner-section elementor-element elementor-element-41ba0d90 elementor-section-boxed elementor-section-height-default elementor-section-height-default\" data-id=\"41ba0d90\" data-element_type=\"section\" data-e-type=\"section\" data-settings=\"{&quot;_ha_eqh_enable&quot;:false}\">\n\t\t\t\t\t\t<div class=\"elementor-container elementor-column-gap-default\">\n\t\t\t\t\t<div class=\"elementor-column elementor-col-50 elementor-inner-column elementor-element elementor-element-277d8150\" data-id=\"277d8150\" data-element_type=\"column\" data-e-type=\"column\">\n\t\t\t<div class=\"elementor-widget-wrap elementor-element-populated\">\n\t\t\t\t\t\t<div class=\"elementor-element elementor-element-724eff79 elementor-widget elementor-widget-text-editor\" data-id=\"724eff79\" data-element_type=\"widget\" data-e-type=\"widget\" data-widget_type=\"text-editor.default\">\n\t\t\t\t<div class=\"elementor-widget-container\">\n\t\t\t\t\t\t\t\t\t<p><strong>Intrakommuna GmbH<\/strong><\/p><p>Dornacher Str. 3<br \/>85622 Feldkirchen<\/p><p>Telefon: +49 (0) 89 \/ 36 0 36 456<\/p><p>E-Mail: info@intrakommuna.de<\/p>\t\t\t\t\t\t\t\t<\/div>\n\t\t\t\t<\/div>\n\t\t\t\t\t<\/div>\n\t\t<\/div>\n\t\t\t\t<div class=\"elementor-column elementor-col-50 elementor-inner-column elementor-element elementor-element-726e5109\" data-id=\"726e5109\" data-element_type=\"column\" data-e-type=\"column\">\n\t\t\t<div class=\"elementor-widget-wrap elementor-element-populated\">\n\t\t\t\t\t\t<div class=\"elementor-element elementor-element-58aa5e55 elementor-widget elementor-widget-text-editor\" data-id=\"58aa5e55\" data-element_type=\"widget\" data-e-type=\"widget\" data-widget_type=\"text-editor.default\">\n\t\t\t\t<div class=\"elementor-widget-container\">\n\t\t\t\t\t\t\t\t\t<p><strong>Represented by Nick Loth<\/strong><\/p><p>Registergericht: Amtsgericht M\u00fcnchen<br \/>Registernummer: HRB 257845<br \/>USt-IdNr.: DE335545761<\/p>\t\t\t\t\t\t\t\t<\/div>\n\t\t\t\t<\/div>\n\t\t\t\t\t<\/div>\n\t\t<\/div>\n\t\t\t\t\t<\/div>\n\t\t<\/section>\n\t\t\t\t<section data-particle_enable=\"false\" data-particle-mobile-disabled=\"false\" class=\"elementor-section elementor-top-section elementor-element elementor-element-3bc6ade9 elementor-section-boxed elementor-section-height-default elementor-section-height-default\" data-id=\"3bc6ade9\" data-element_type=\"section\" data-e-type=\"section\" data-settings=\"{&quot;_ha_eqh_enable&quot;:false}\">\n\t\t\t\t\t\t<div class=\"elementor-container elementor-column-gap-default\">\n\t\t\t\t\t<div class=\"elementor-column elementor-col-100 elementor-top-column elementor-element elementor-element-42b31cf\" data-id=\"42b31cf\" data-element_type=\"column\" data-e-type=\"column\">\n\t\t\t<div class=\"elementor-widget-wrap elementor-element-populated\">\n\t\t\t\t\t\t<div class=\"elementor-element elementor-element-456cf4ec elementor-widget elementor-widget-text-editor\" data-id=\"456cf4ec\" data-element_type=\"widget\" data-e-type=\"widget\" data-widget_type=\"text-editor.default\">\n\t\t\t\t<div class=\"elementor-widget-container\">\n\t\t\t\t\t\t\t\t\t<p><strong>Contact details of the Data Protection Officer<\/strong><\/p><p>E-Mail: datenschutz@intrakommuna.de<\/p>\t\t\t\t\t\t\t\t<\/div>\n\t\t\t\t<\/div>\n\t\t\t\t<div class=\"elementor-element elementor-element-49a80b5b elementor-widget elementor-widget-text-editor\" data-id=\"49a80b5b\" data-element_type=\"widget\" data-e-type=\"widget\" data-widget_type=\"text-editor.default\">\n\t\t\t\t<div class=\"elementor-widget-container\">\n\t\t\t\t\t\t\t\t\tThe protection of your personal data is a matter of great importance to us. We have taken technical and organizational measures to ensure that the regulations on data protection are observed by both us and external service providers (processors). You can find our general data protection notices and the specifics when visiting our website at the following links:\t\t\t\t\t\t\t\t<\/div>\n\t\t\t\t<\/div>\n\t\t\t\t<div class=\"elementor-element elementor-element-1e0a43cd elementor-align-left elementor-mobile-align-justify elementor-widget elementor-widget-button\" data-id=\"1e0a43cd\" data-element_type=\"widget\" data-e-type=\"widget\" data-widget_type=\"button.default\">\n\t\t\t\t<div class=\"elementor-widget-container\">\n\t\t\t\t\t\t\t\t\t<div class=\"elementor-button-wrapper\">\n\t\t\t\t\t<a class=\"elementor-button elementor-button-link elementor-size-sm\" href=\"https:\/\/www.intrakommuna.de\/en\/datenschutzerklarung-webauftritt\/\">\n\t\t\t\t\t\t<span class=\"elementor-button-content-wrapper\">\n\t\t\t\t\t\t\t\t\t<span class=\"elementor-button-text\">Privacy Policy Website Appearance<\/span>\n\t\t\t\t\t<\/span>\n\t\t\t\t\t<\/a>\n\t\t\t\t<\/div>\n\t\t\t\t\t\t\t\t<\/div>\n\t\t\t\t<\/div>\n\t\t\t\t<div class=\"elementor-element elementor-element-20e79ecd elementor-align-left elementor-mobile-align-justify elementor-widget elementor-widget-button\" data-id=\"20e79ecd\" data-element_type=\"widget\" data-e-type=\"widget\" data-widget_type=\"button.default\">\n\t\t\t\t<div class=\"elementor-widget-container\">\n\t\t\t\t\t\t\t\t\t<div class=\"elementor-button-wrapper\">\n\t\t\t\t\t<a class=\"elementor-button elementor-button-link elementor-size-sm\" href=\"https:\/\/www.intrakommuna.de\/en\/datenschutzerklarung-kunden-interessenten\/\">\n\t\t\t\t\t\t<span class=\"elementor-button-content-wrapper\">\n\t\t\t\t\t\t\t\t\t<span class=\"elementor-button-text\">Privacy Policy Customers &amp; Prospects<\/span>\n\t\t\t\t\t<\/span>\n\t\t\t\t\t<\/a>\n\t\t\t\t<\/div>\n\t\t\t\t\t\t\t\t<\/div>\n\t\t\t\t<\/div>\n\t\t\t\t<div class=\"elementor-element elementor-element-30808e59 elementor-widget elementor-widget-spacer\" data-id=\"30808e59\" data-element_type=\"widget\" data-e-type=\"widget\" data-widget_type=\"spacer.default\">\n\t\t\t\t<div class=\"elementor-widget-container\">\n\t\t\t\t\t\t\t<div class=\"elementor-spacer\">\n\t\t\t<div class=\"elementor-spacer-inner\"><\/div>\n\t\t<\/div>\n\t\t\t\t\t\t<\/div>\n\t\t\t\t<\/div>\n\t\t\t\t<div class=\"elementor-element elementor-element-90ca3ef elementor-widget elementor-widget-text-editor\" data-id=\"90ca3ef\" data-element_type=\"widget\" data-e-type=\"widget\" data-widget_type=\"text-editor.default\">\n\t\t\t\t<div class=\"elementor-widget-container\">\n\t\t\t\t\t\t\t\t\t<p>The privacy of the communication platform is particularly important, especially when it comes to internal communication and your organization&#8217;s knowledge database. Here are some reasons why privacy is of great importance when choosing an intranet:<\/p><p>1. Protection of sensitive organizational data: Intranets often contain confidential information such as employee data, business strategies, research data and other corporate secrets. A privacy incident on the intranet can have serious consequences for the security and reputation of the company.<br \/><br \/>2. Compliance requirements: Companies often need to comply with legal regulations and compliance standards that prescribe data protection. This may include legal obligations such as the General Data Protection Regulation (GDPR) in the European Union.<\/p><p>3. Protection against internal threats: Insider threats are a serious threat to data security on the intranet. Privacy on the intranet helps prevent unauthorized access and misuse of data by employees.<\/p><p>4. Avoidance of data loss: The privacy of knowledge platforms is crucial in preventing losses due to accidental deletion, hardware failure or other unforeseen events. Regular backups and safety measures are essential here.<\/p><p>In view of Intrakommuna being hosted on 27001-certified servers with 100% processing taking place in Germany &#8211; thanks to not using cloud platforms like AWS, Azure, GCP for storing our data &#8211; there are several key reasons why this should be seen as particularly positive:<\/p><p>1. Data protection &amp; security: ISO 27001 certification is an internationally recognized standard for information security ensuring strict safety measures &amp; controls implemented protecting from unauthorized access &amp; loss; hosting on 27001-certified servers signifies high level of data security.<br \/><br \/>2.Localized Data Processing : When all processing takes place within Germany itself , it means that German laws regarding personal-data-protection apply creating higher trust levels about safeguarding personal details.<br \/><br \/>3.Data Sovereignty : Localized processing also implies full control over one\u2019s own organizational-data without worrying about international transfers.<br \/><br \/>4.Trusted Service : Intrakommuna is seen as a trusted service provider meeting the needs of businesses and organizations in terms of privacy and security.<\/p><p>In conclusion, intranet privacy is crucial, and Intrakommuna stands out as a trusted provider that offers high standards in data security and protection by using ISO 27001-certified servers and local data processing in Germany. This is particularly important as organizations need to pay more attention to the security of their internal networks and data.<\/p>\t\t\t\t\t\t\t\t<\/div>\n\t\t\t\t<\/div>\n\t\t\t\t\t<\/div>\n\t\t<\/div>\n\t\t\t\t\t<\/div>\n\t\t<\/section>\n\t\t\t\t<\/div>\n\t\t","protected":false},"excerpt":{"rendered":"<p>Data Protection Intrakommuna GmbH Dornacher Str. 385622 Feldkirchen Telefon: +49 (0) 89 \/ 36 0 36 456 E-Mail: info@intrakommuna.de Represented by Nick Loth Registergericht: Amtsgericht M\u00fcnchenRegisternummer: HRB 257845USt-IdNr.: DE335545761 Contact details of the Data Protection Officer E-Mail: datenschutz@intrakommuna.de The protection of your personal data is a matter of great importance to us. We have taken [&hellip;]<\/p>\n","protected":false},"author":3,"featured_media":0,"parent":0,"menu_order":0,"comment_status":"closed","ping_status":"closed","template":"elementor_header_footer","meta":{"inline_featured_image":false,"footnotes":"","_wp_rev_ctl_limit":""},"class_list":["post-13248","page","type-page","status-publish","hentry"],"yoast_head":"<!-- This site is optimized with the Yoast SEO Premium plugin v25.9 (Yoast SEO v27.5) - https:\/\/yoast.com\/product\/yoast-seo-premium-wordpress\/ -->\n<title>Data protection Contact details of the data protection officer<\/title>\n<meta name=\"description\" content=\"We have taken technical and organizational measures to ensure that the data protection regulations are observed both by us and by external service providers (processors).\" \/>\n<meta name=\"robots\" content=\"index, follow, max-snippet:-1, max-image-preview:large, max-video-preview:-1\" \/>\n<link rel=\"canonical\" href=\"https:\/\/www.intrakommuna.de\/en\/data-protection\/\" \/>\n<meta property=\"og:locale\" content=\"en_US\" \/>\n<meta property=\"og:type\" content=\"article\" \/>\n<meta property=\"og:title\" content=\"Data protection\" \/>\n<meta property=\"og:description\" content=\"We have taken technical and organizational measures to ensure that the data protection regulations are observed both by us and by external service providers (processors).\" \/>\n<meta property=\"og:url\" content=\"https:\/\/www.intrakommuna.de\/en\/data-protection\/\" \/>\n<meta property=\"og:site_name\" content=\"Intrakommuna - Kommunikationsplattform\" \/>\n<meta property=\"article:modified_time\" content=\"2025-10-02T10:25:51+00:00\" \/>\n<meta name=\"twitter:card\" content=\"summary_large_image\" \/>\n<meta name=\"twitter:label1\" content=\"Est. reading time\" \/>\n\t<meta name=\"twitter:data1\" content=\"3 minutes\" \/>\n<script type=\"application\/ld+json\" class=\"yoast-schema-graph\">{\"@context\":\"https:\\\/\\\/schema.org\",\"@graph\":[{\"@type\":\"WebPage\",\"@id\":\"https:\\\/\\\/www.intrakommuna.de\\\/en\\\/data-protection\\\/\",\"url\":\"https:\\\/\\\/www.intrakommuna.de\\\/en\\\/data-protection\\\/\",\"name\":\"Data protection Contact details of the data protection officer\",\"isPartOf\":{\"@id\":\"https:\\\/\\\/www.intrakommuna.de\\\/#website\"},\"datePublished\":\"2023-05-11T01:47:19+00:00\",\"dateModified\":\"2025-10-02T10:25:51+00:00\",\"description\":\"We have taken technical and organizational measures to ensure that the data protection regulations are observed both by us and by external service providers (processors).\",\"breadcrumb\":{\"@id\":\"https:\\\/\\\/www.intrakommuna.de\\\/en\\\/data-protection\\\/#breadcrumb\"},\"inLanguage\":\"en-US\",\"potentialAction\":[{\"@type\":\"ReadAction\",\"target\":[\"https:\\\/\\\/www.intrakommuna.de\\\/en\\\/data-protection\\\/\"]}]},{\"@type\":\"BreadcrumbList\",\"@id\":\"https:\\\/\\\/www.intrakommuna.de\\\/en\\\/data-protection\\\/#breadcrumb\",\"itemListElement\":[{\"@type\":\"ListItem\",\"position\":1,\"name\":\"Startseite\",\"item\":\"https:\\\/\\\/www.intrakommuna.de\\\/\"},{\"@type\":\"ListItem\",\"position\":2,\"name\":\"Data protection\"}]},{\"@type\":\"WebSite\",\"@id\":\"https:\\\/\\\/www.intrakommuna.de\\\/#website\",\"url\":\"https:\\\/\\\/www.intrakommuna.de\\\/\",\"name\":\"Intrakommuna - Kommunikationsplattform\",\"description\":\"f\u00fcr Verb\u00e4nde und \u00f6ffentliche K\u00f6rperchaften\",\"publisher\":{\"@id\":\"https:\\\/\\\/www.intrakommuna.de\\\/#organization\"},\"potentialAction\":[{\"@type\":\"SearchAction\",\"target\":{\"@type\":\"EntryPoint\",\"urlTemplate\":\"https:\\\/\\\/www.intrakommuna.de\\\/?s={search_term_string}\"},\"query-input\":{\"@type\":\"PropertyValueSpecification\",\"valueRequired\":true,\"valueName\":\"search_term_string\"}}],\"inLanguage\":\"en-US\"},{\"@type\":\"Organization\",\"@id\":\"https:\\\/\\\/www.intrakommuna.de\\\/#organization\",\"name\":\"Intrakommuna\",\"url\":\"https:\\\/\\\/www.intrakommuna.de\\\/\",\"logo\":{\"@type\":\"ImageObject\",\"inLanguage\":\"en-US\",\"@id\":\"https:\\\/\\\/www.intrakommuna.de\\\/#\\\/schema\\\/logo\\\/image\\\/\",\"url\":\"https:\\\/\\\/intrakommuna.seodach.de\\\/wp-content\\\/uploads\\\/2022\\\/04\\\/Kommuna.png\",\"contentUrl\":\"https:\\\/\\\/intrakommuna.seodach.de\\\/wp-content\\\/uploads\\\/2022\\\/04\\\/Kommuna.png\",\"width\":2048,\"height\":333,\"caption\":\"Intrakommuna\"},\"image\":{\"@id\":\"https:\\\/\\\/www.intrakommuna.de\\\/#\\\/schema\\\/logo\\\/image\\\/\"}}]}<\/script>\n<!-- \/ Yoast SEO Premium plugin. -->","yoast_head_json":{"title":"Data protection Contact details of the data protection officer","description":"We have taken technical and organizational measures to ensure that the data protection regulations are observed both by us and by external service providers (processors).","robots":{"index":"index","follow":"follow","max-snippet":"max-snippet:-1","max-image-preview":"max-image-preview:large","max-video-preview":"max-video-preview:-1"},"canonical":"https:\/\/www.intrakommuna.de\/en\/data-protection\/","og_locale":"en_US","og_type":"article","og_title":"Data protection","og_description":"We have taken technical and organizational measures to ensure that the data protection regulations are observed both by us and by external service providers (processors).","og_url":"https:\/\/www.intrakommuna.de\/en\/data-protection\/","og_site_name":"Intrakommuna - Kommunikationsplattform","article_modified_time":"2025-10-02T10:25:51+00:00","twitter_card":"summary_large_image","twitter_misc":{"Est. reading time":"3 minutes"},"schema":{"@context":"https:\/\/schema.org","@graph":[{"@type":"WebPage","@id":"https:\/\/www.intrakommuna.de\/en\/data-protection\/","url":"https:\/\/www.intrakommuna.de\/en\/data-protection\/","name":"Data protection Contact details of the data protection officer","isPartOf":{"@id":"https:\/\/www.intrakommuna.de\/#website"},"datePublished":"2023-05-11T01:47:19+00:00","dateModified":"2025-10-02T10:25:51+00:00","description":"We have taken technical and organizational measures to ensure that the data protection regulations are observed both by us and by external service providers (processors).","breadcrumb":{"@id":"https:\/\/www.intrakommuna.de\/en\/data-protection\/#breadcrumb"},"inLanguage":"en-US","potentialAction":[{"@type":"ReadAction","target":["https:\/\/www.intrakommuna.de\/en\/data-protection\/"]}]},{"@type":"BreadcrumbList","@id":"https:\/\/www.intrakommuna.de\/en\/data-protection\/#breadcrumb","itemListElement":[{"@type":"ListItem","position":1,"name":"Startseite","item":"https:\/\/www.intrakommuna.de\/"},{"@type":"ListItem","position":2,"name":"Data protection"}]},{"@type":"WebSite","@id":"https:\/\/www.intrakommuna.de\/#website","url":"https:\/\/www.intrakommuna.de\/","name":"Intrakommuna - Kommunikationsplattform","description":"f\u00fcr Verb\u00e4nde und \u00f6ffentliche K\u00f6rperchaften","publisher":{"@id":"https:\/\/www.intrakommuna.de\/#organization"},"potentialAction":[{"@type":"SearchAction","target":{"@type":"EntryPoint","urlTemplate":"https:\/\/www.intrakommuna.de\/?s={search_term_string}"},"query-input":{"@type":"PropertyValueSpecification","valueRequired":true,"valueName":"search_term_string"}}],"inLanguage":"en-US"},{"@type":"Organization","@id":"https:\/\/www.intrakommuna.de\/#organization","name":"Intrakommuna","url":"https:\/\/www.intrakommuna.de\/","logo":{"@type":"ImageObject","inLanguage":"en-US","@id":"https:\/\/www.intrakommuna.de\/#\/schema\/logo\/image\/","url":"https:\/\/intrakommuna.seodach.de\/wp-content\/uploads\/2022\/04\/Kommuna.png","contentUrl":"https:\/\/intrakommuna.seodach.de\/wp-content\/uploads\/2022\/04\/Kommuna.png","width":2048,"height":333,"caption":"Intrakommuna"},"image":{"@id":"https:\/\/www.intrakommuna.de\/#\/schema\/logo\/image\/"}}]}},"_links":{"self":[{"href":"https:\/\/www.intrakommuna.de\/en\/wp-json\/wp\/v2\/pages\/13248","targetHints":{"allow":["GET"]}}],"collection":[{"href":"https:\/\/www.intrakommuna.de\/en\/wp-json\/wp\/v2\/pages"}],"about":[{"href":"https:\/\/www.intrakommuna.de\/en\/wp-json\/wp\/v2\/types\/page"}],"author":[{"embeddable":true,"href":"https:\/\/www.intrakommuna.de\/en\/wp-json\/wp\/v2\/users\/3"}],"replies":[{"embeddable":true,"href":"https:\/\/www.intrakommuna.de\/en\/wp-json\/wp\/v2\/comments?post=13248"}],"version-history":[{"count":16,"href":"https:\/\/www.intrakommuna.de\/en\/wp-json\/wp\/v2\/pages\/13248\/revisions"}],"predecessor-version":[{"id":13808,"href":"https:\/\/www.intrakommuna.de\/en\/wp-json\/wp\/v2\/pages\/13248\/revisions\/13808"}],"wp:attachment":[{"href":"https:\/\/www.intrakommuna.de\/en\/wp-json\/wp\/v2\/media?parent=13248"}],"curies":[{"name":"wp","href":"https:\/\/api.w.org\/{rel}","templated":true}]}}