{"id":13253,"date":"2023-05-11T03:47:18","date_gmt":"2023-05-11T01:47:18","guid":{"rendered":"https:\/\/www.intrakommuna.de\/impressum\/"},"modified":"2025-10-01T15:08:22","modified_gmt":"2025-10-01T13:08:22","slug":"impressum","status":"publish","type":"page","link":"https:\/\/www.intrakommuna.de\/en\/impressum\/","title":{"rendered":"imprint"},"content":{"rendered":"\t\t<div data-elementor-type=\"wp-post\" data-elementor-id=\"13253\" class=\"elementor elementor-13253 elementor-9457\" data-elementor-settings=\"{&quot;ha_cmc_init_switcher&quot;:&quot;no&quot;}\" data-elementor-post-type=\"page\">\n\t\t\t\t\t\t<section data-particle_enable=\"false\" data-particle-mobile-disabled=\"false\" class=\"elementor-section elementor-top-section elementor-element elementor-element-50f5c20 elementor-section-stretched elementor-reverse-tablet elementor-reverse-mobile elementor-section-content-middle elementor-section-boxed elementor-section-height-default elementor-section-height-default\" data-id=\"50f5c20\" data-element_type=\"section\" data-e-type=\"section\" data-settings=\"{&quot;stretch_section&quot;:&quot;section-stretched&quot;,&quot;background_background&quot;:&quot;classic&quot;,&quot;_ha_eqh_enable&quot;:false}\">\n\t\t\t\t\t\t<div class=\"elementor-container elementor-column-gap-custom\">\n\t\t\t\t\t<div class=\"elementor-column elementor-col-100 elementor-top-column elementor-element elementor-element-397b5c7 offerflex round\" data-id=\"397b5c7\" data-element_type=\"column\" data-e-type=\"column\">\n\t\t\t<div class=\"elementor-widget-wrap elementor-element-populated\">\n\t\t\t\t\t\t<div class=\"elementor-element elementor-element-281c2a8 elementor-widget__width-inherit elementor-widget elementor-widget-heading\" data-id=\"281c2a8\" data-element_type=\"widget\" data-e-type=\"widget\" data-widget_type=\"heading.default\">\n\t\t\t\t<div class=\"elementor-widget-container\">\n\t\t\t\t\t<h1 class=\"elementor-heading-title elementor-size-default\">imprint<\/h1>\t\t\t\t<\/div>\n\t\t\t\t<\/div>\n\t\t\t\t<div class=\"elementor-element elementor-element-413ce0a elementor-widget elementor-widget-heading\" data-id=\"413ce0a\" data-element_type=\"widget\" data-e-type=\"widget\" data-widget_type=\"heading.default\">\n\t\t\t\t<div class=\"elementor-widget-container\">\n\t\t\t\t\t<p class=\"elementor-heading-title elementor-size-default\">Intrakommuna<\/p>\t\t\t\t<\/div>\n\t\t\t\t<\/div>\n\t\t\t\t\t<\/div>\n\t\t<\/div>\n\t\t\t\t\t<\/div>\n\t\t<\/section>\n\t\t\t\t<section data-particle_enable=\"false\" data-particle-mobile-disabled=\"false\" class=\"elementor-section elementor-top-section elementor-element elementor-element-42df7373 elementor-section-boxed elementor-section-height-default elementor-section-height-default\" data-id=\"42df7373\" data-element_type=\"section\" data-e-type=\"section\" data-settings=\"{&quot;_ha_eqh_enable&quot;:false}\">\n\t\t\t\t\t\t<div class=\"elementor-container elementor-column-gap-default\">\n\t\t\t\t\t<div class=\"elementor-column elementor-col-100 elementor-top-column elementor-element elementor-element-5c12209f\" data-id=\"5c12209f\" data-element_type=\"column\" data-e-type=\"column\">\n\t\t\t<div class=\"elementor-widget-wrap elementor-element-populated\">\n\t\t\t\t\t\t<section data-particle_enable=\"false\" data-particle-mobile-disabled=\"false\" class=\"elementor-section elementor-inner-section elementor-element elementor-element-42d5ab65 elementor-section-full_width elementor-section-height-default elementor-section-height-default\" data-id=\"42d5ab65\" data-element_type=\"section\" data-e-type=\"section\" data-settings=\"{&quot;_ha_eqh_enable&quot;:false}\">\n\t\t\t\t\t\t<div class=\"elementor-container elementor-column-gap-default\">\n\t\t\t\t\t<div class=\"elementor-column elementor-col-50 elementor-inner-column elementor-element elementor-element-656fcbcf\" data-id=\"656fcbcf\" data-element_type=\"column\" data-e-type=\"column\">\n\t\t\t<div class=\"elementor-widget-wrap elementor-element-populated\">\n\t\t\t\t\t\t<div class=\"elementor-element elementor-element-213e8cda elementor-widget elementor-widget-text-editor\" data-id=\"213e8cda\" data-element_type=\"widget\" data-e-type=\"widget\" data-widget_type=\"text-editor.default\">\n\t\t\t\t<div class=\"elementor-widget-container\">\n\t\t\t\t\t\t\t\t\t<p><strong>Intrakommuna GmbH<\/strong><\/p><p>Dornacher Str. 3<br \/>85622 Feldkirchen<\/p><p>Telefon: +49 (0) 89 \/ 36 0 36 456<\/p><p>E-Mail: info@intrakommuna.de<\/p>\t\t\t\t\t\t\t\t<\/div>\n\t\t\t\t<\/div>\n\t\t\t\t\t<\/div>\n\t\t<\/div>\n\t\t\t\t<div class=\"elementor-column elementor-col-50 elementor-inner-column elementor-element elementor-element-24c9878e\" data-id=\"24c9878e\" data-element_type=\"column\" data-e-type=\"column\">\n\t\t\t<div class=\"elementor-widget-wrap elementor-element-populated\">\n\t\t\t\t\t\t<div class=\"elementor-element elementor-element-17275108 elementor-widget elementor-widget-text-editor\" data-id=\"17275108\" data-element_type=\"widget\" data-e-type=\"widget\" data-widget_type=\"text-editor.default\">\n\t\t\t\t<div class=\"elementor-widget-container\">\n\t\t\t\t\t\t\t\t\t<p><strong>Vertreten durch Nick Loth<\/strong><\/p><p>Registergericht: Amtsgericht M\u00fcnchen<br \/>Registernummer: HRB 257845<\/p><p>USt-IdNr.: DE335545761<\/p><p>Bildrechte: Pexels GmbH<\/p>\t\t\t\t\t\t\t\t<\/div>\n\t\t\t\t<\/div>\n\t\t\t\t\t<\/div>\n\t\t<\/div>\n\t\t\t\t\t<\/div>\n\t\t<\/section>\n\t\t\t\t<section data-particle_enable=\"false\" data-particle-mobile-disabled=\"false\" class=\"elementor-section elementor-inner-section elementor-element elementor-element-430fad04 elementor-section-full_width elementor-section-height-default elementor-section-height-default\" data-id=\"430fad04\" data-element_type=\"section\" data-e-type=\"section\" data-settings=\"{&quot;_ha_eqh_enable&quot;:false}\">\n\t\t\t\t\t\t<div class=\"elementor-container elementor-column-gap-default\">\n\t\t\t\t\t<div class=\"elementor-column elementor-col-100 elementor-inner-column elementor-element elementor-element-65187443\" data-id=\"65187443\" data-element_type=\"column\" data-e-type=\"column\">\n\t\t\t<div class=\"elementor-widget-wrap elementor-element-populated\">\n\t\t\t\t\t\t<div class=\"elementor-element elementor-element-69dcb46e elementor-widget elementor-widget-text-editor\" data-id=\"69dcb46e\" data-element_type=\"widget\" data-e-type=\"widget\" data-widget_type=\"text-editor.default\">\n\t\t\t\t<div class=\"elementor-widget-container\">\n\t\t\t\t\t\t\t\t\t<p><strong>\u00a7 1 Content Warning Notice<\/strong><br \/>The free and publicly accessible contents of this website have been created with the utmost care. However, the provider of this website assumes no responsibility for the accuracy and timeliness of the provided free and publicly accessible journalistic guides and news. Articles identified by name reflect the opinion of the respective author and not always the opinion of the provider. Merely by calling up the free and publicly accessible content does no contractual relationship arise between the user and the provider, to that extent there is a lack of intention to be legally bound by the provider.<\/p><p><strong>\u00a7 2 External Links<\/strong><br \/>This website contains links to third-party websites (&#8220;external links&#8221;). These websites are the responsibility of the respective operators. The provider has checked the foreign content of the external links for any legal violations at the time of the initial linking. No legal violations were apparent at that time. The provider has no influence on the current and future design and on the contents of the linked pages. The inclusion of external links does not mean that the provider adopts the content behind the reference or link. Constant monitoring of external links is not reasonable for the provider without specific indications of legal violations. However, such external links will be deleted immediately upon knowledge of any legal infringements.<\/p><p><strong>\u00a7 3 Copyright and Performance Protection Rights<\/strong><br \/>The content published on this website is subject to German copyright and performance protection laws. Any exploitation not permitted by German copyright and performance protection law requires the prior written consent of the provider or respective copyright owner. This is particularly true for duplication, modification, translation, storage, processing, or reproduction of content in databases or other electronic media and systems. Contents and rights of third parties are clearly indicated as such. The unauthorized duplication or distribution of individual contents or complete pages is not permitted and punishable. The production of copies and downloads for personal, private, and non-commercial use is allowed.<\/p><p>The display of this website in external frames is only permitted with written permission.<\/p><p><strong>\u00a7 4 Special Terms of Use<\/strong><br \/>Insofar as special conditions for individual uses of this website deviate from the aforementioned paragraphs, explicit reference is made to this at the appropriate place. In this case, the special terms of use apply in the respective individual case.<\/p>\t\t\t\t\t\t\t\t<\/div>\n\t\t\t\t<\/div>\n\t\t\t\t\t<\/div>\n\t\t<\/div>\n\t\t\t\t\t<\/div>\n\t\t<\/section>\n\t\t\t\t\t<\/div>\n\t\t<\/div>\n\t\t\t\t\t<\/div>\n\t\t<\/section>\n\t\t\t\t<section data-particle_enable=\"false\" data-particle-mobile-disabled=\"false\" class=\"elementor-section elementor-top-section elementor-element elementor-element-45f8d98 elementor-section-full_width elementor-section-height-default elementor-section-height-default\" data-id=\"45f8d98\" data-element_type=\"section\" data-e-type=\"section\" data-settings=\"{&quot;_ha_eqh_enable&quot;:false}\">\n\t\t\t\t\t\t<div class=\"elementor-container elementor-column-gap-default\">\n\t\t\t\t\t<div class=\"elementor-column elementor-col-100 elementor-top-column elementor-element elementor-element-54f8838d\" data-id=\"54f8838d\" data-element_type=\"column\" data-e-type=\"column\">\n\t\t\t<div class=\"elementor-widget-wrap elementor-element-populated\">\n\t\t\t\t\t\t<section data-particle_enable=\"false\" data-particle-mobile-disabled=\"false\" class=\"elementor-section elementor-inner-section elementor-element elementor-element-7639c178 elementor-section-boxed elementor-section-height-default elementor-section-height-default\" data-id=\"7639c178\" data-element_type=\"section\" data-e-type=\"section\" data-settings=\"{&quot;_ha_eqh_enable&quot;:false}\">\n\t\t\t\t\t\t<div class=\"elementor-container elementor-column-gap-default\">\n\t\t\t\t\t<div class=\"elementor-column elementor-col-50 elementor-inner-column elementor-element elementor-element-714da301\" data-id=\"714da301\" data-element_type=\"column\" data-e-type=\"column\">\n\t\t\t<div class=\"elementor-widget-wrap elementor-element-populated\">\n\t\t\t\t\t\t<div class=\"elementor-element elementor-element-76b542de elementor-flip-box--effect-flip elementor-flip-box--direction-up elementor-widget elementor-widget-flip-box\" data-id=\"76b542de\" data-element_type=\"widget\" data-e-type=\"widget\" data-widget_type=\"flip-box.default\">\n\t\t\t\t<div class=\"elementor-widget-container\">\n\t\t\t\t\t\t\t<div class=\"elementor-flip-box\" tabindex=\"0\">\n\t\t\t<div class=\"elementor-flip-box__layer elementor-flip-box__front\">\n\t\t\t\t<div class=\"elementor-flip-box__layer__overlay\">\n\t\t\t\t\t<div class=\"elementor-flip-box__layer__inner\">\n\t\t\t\t\t\t\n\t\t\t\t\t\t\t\t\t\t\t\t\t<h3 class=\"elementor-flip-box__layer__title\">\n\t\t\t\t\t\t\t\tWhatsapp Replacement\t\t\t\t\t\t\t<\/h3>\n\t\t\t\t\t\t\n\t\t\t\t\t\t\t\t\t\t\t<\/div>\n\t\t\t\t<\/div>\n\t\t\t<\/div>\n\t\t\t<a class=\"elementor-flip-box__layer elementor-flip-box__back\" href=\"\/en\/messenger\/\">\n\t\t\t<div class=\"elementor-flip-box__layer__overlay\">\n\t\t\t\t<div class=\"elementor-flip-box__layer__inner\">\n\t\t\t\t\t\t\t\t\t\t\t<h3 class=\"elementor-flip-box__layer__title\">\n\t\t\t\t\t\t\tSecure Messenger\t\t\t\t\t\t<\/h3>\n\t\t\t\t\t\n\t\t\t\t\t\t\t\t\t\t\t<div class=\"elementor-flip-box__layer__description\">\n\t\t\t\t\t\t\tHow Intrakommuna strengthens internal communication\t\t\t\t\t\t<\/div>\n\t\t\t\t\t\n\t\t\t\t\t\t\t\t\t\t\t<span class=\"elementor-flip-box__button elementor-button elementor-size-sm\">\n\t\t\t\t\t\t\tLearn more\t\t\t\t\t\t<\/span>\n\t\t\t\t\t\t\t\t<\/div>\n\t\t<\/div>\n\t\t<\/a>\n\t\t<\/div>\n\t\t\t\t\t\t<\/div>\n\t\t\t\t<\/div>\n\t\t\t\t\t<\/div>\n\t\t<\/div>\n\t\t\t\t<div class=\"elementor-column elementor-col-50 elementor-inner-column elementor-element elementor-element-15ff7005\" data-id=\"15ff7005\" data-element_type=\"column\" data-e-type=\"column\">\n\t\t\t<div class=\"elementor-widget-wrap elementor-element-populated\">\n\t\t\t\t\t\t<div class=\"elementor-element elementor-element-3da74cc0 elementor-flip-box--effect-flip elementor-flip-box--direction-up elementor-widget elementor-widget-flip-box\" data-id=\"3da74cc0\" data-element_type=\"widget\" data-e-type=\"widget\" data-widget_type=\"flip-box.default\">\n\t\t\t\t<div class=\"elementor-widget-container\">\n\t\t\t\t\t\t\t<div class=\"elementor-flip-box\" tabindex=\"0\">\n\t\t\t<div class=\"elementor-flip-box__layer elementor-flip-box__front\">\n\t\t\t\t<div class=\"elementor-flip-box__layer__overlay\">\n\t\t\t\t\t<div class=\"elementor-flip-box__layer__inner\">\n\t\t\t\t\t\t\n\t\t\t\t\t\t\t\t\t\t\t\t\t<h3 class=\"elementor-flip-box__layer__title\">\n\t\t\t\t\t\t\t\tWhatsapp Replacement\t\t\t\t\t\t\t<\/h3>\n\t\t\t\t\t\t\n\t\t\t\t\t\t\t\t\t\t\t<\/div>\n\t\t\t\t<\/div>\n\t\t\t<\/div>\n\t\t\t<a class=\"elementor-flip-box__layer elementor-flip-box__back\" href=\"\/en\/messenger\/\">\n\t\t\t<div class=\"elementor-flip-box__layer__overlay\">\n\t\t\t\t<div class=\"elementor-flip-box__layer__inner\">\n\t\t\t\t\t\t\t\t\t\t\t<h3 class=\"elementor-flip-box__layer__title\">\n\t\t\t\t\t\t\tSecure Messenger\t\t\t\t\t\t<\/h3>\n\t\t\t\t\t\n\t\t\t\t\t\t\t\t\t\t\t<div class=\"elementor-flip-box__layer__description\">\n\t\t\t\t\t\t\tHow Intrakommuna strengthens internal communication\t\t\t\t\t\t<\/div>\n\t\t\t\t\t\n\t\t\t\t\t\t\t\t\t\t\t<span class=\"elementor-flip-box__button elementor-button elementor-size-sm\">\n\t\t\t\t\t\t\tLearn more\t\t\t\t\t\t<\/span>\n\t\t\t\t\t\t\t\t<\/div>\n\t\t<\/div>\n\t\t<\/a>\n\t\t<\/div>\n\t\t\t\t\t\t<\/div>\n\t\t\t\t<\/div>\n\t\t\t\t\t<\/div>\n\t\t<\/div>\n\t\t\t\t\t<\/div>\n\t\t<\/section>\n\t\t\t\t\t<\/div>\n\t\t<\/div>\n\t\t\t\t\t<\/div>\n\t\t<\/section>\n\t\t\t\t<\/div>\n\t\t","protected":false},"excerpt":{"rendered":"<p>imprint Intrakommuna Intrakommuna GmbH Dornacher Str. 385622 Feldkirchen Telefon: +49 (0) 89 \/ 36 0 36 456 E-Mail: info@intrakommuna.de Vertreten durch Nick Loth Registergericht: Amtsgericht M\u00fcnchenRegisternummer: HRB 257845 USt-IdNr.: DE335545761 Bildrechte: Pexels GmbH \u00a7 1 Content Warning NoticeThe free and publicly accessible contents of this website have been created with the utmost care. However, the [&hellip;]<\/p>\n","protected":false},"author":3,"featured_media":0,"parent":0,"menu_order":0,"comment_status":"closed","ping_status":"closed","template":"elementor_header_footer","meta":{"inline_featured_image":false,"footnotes":"","_wp_rev_ctl_limit":""},"class_list":["post-13253","page","type-page","status-publish","hentry"],"yoast_head":"<!-- This site is optimized with the Yoast SEO Premium plugin v25.9 (Yoast SEO v27.6) - https:\/\/yoast.com\/product\/yoast-seo-premium-wordpress\/ -->\n<title>Intrakommuna - sichere Kommunikationsplattform f\u00fcr Ihre Community<\/title>\n<meta name=\"description\" content=\"Intrakommuna - sichere Kommunikationsplattform f\u00fcr Ihre Community: Verb\u00e4nde, Unternehmen und kommunale Gebietsk\u00f6rperschaften\" \/>\n<meta name=\"robots\" content=\"index, follow, max-snippet:-1, max-image-preview:large, max-video-preview:-1\" \/>\n<link rel=\"canonical\" href=\"https:\/\/www.intrakommuna.de\/en\/impressum\/\" \/>\n<meta property=\"og:locale\" content=\"en_US\" \/>\n<meta property=\"og:type\" content=\"article\" \/>\n<meta property=\"og:title\" content=\"imprint\" \/>\n<meta property=\"og:description\" content=\"Intrakommuna - sichere Kommunikationsplattform f\u00fcr Ihre Community: Verb\u00e4nde, Unternehmen und kommunale Gebietsk\u00f6rperschaften\" \/>\n<meta property=\"og:url\" content=\"https:\/\/www.intrakommuna.de\/en\/impressum\/\" \/>\n<meta property=\"og:site_name\" content=\"Intrakommuna - Kommunikationsplattform\" \/>\n<meta property=\"article:modified_time\" content=\"2025-10-01T13:08:22+00:00\" \/>\n<meta name=\"twitter:card\" content=\"summary_large_image\" \/>\n<meta name=\"twitter:label1\" content=\"Est. reading time\" \/>\n\t<meta name=\"twitter:data1\" content=\"2 minutes\" \/>\n<script type=\"application\/ld+json\" class=\"yoast-schema-graph\">{\"@context\":\"https:\\\/\\\/schema.org\",\"@graph\":[{\"@type\":\"WebPage\",\"@id\":\"https:\\\/\\\/www.intrakommuna.de\\\/en\\\/impressum\\\/\",\"url\":\"https:\\\/\\\/www.intrakommuna.de\\\/en\\\/impressum\\\/\",\"name\":\"Intrakommuna - sichere Kommunikationsplattform f\u00fcr Ihre Community\",\"isPartOf\":{\"@id\":\"https:\\\/\\\/www.intrakommuna.de\\\/#website\"},\"datePublished\":\"2023-05-11T01:47:18+00:00\",\"dateModified\":\"2025-10-01T13:08:22+00:00\",\"description\":\"Intrakommuna - sichere Kommunikationsplattform f\u00fcr Ihre Community: Verb\u00e4nde, Unternehmen und kommunale Gebietsk\u00f6rperschaften\",\"breadcrumb\":{\"@id\":\"https:\\\/\\\/www.intrakommuna.de\\\/en\\\/impressum\\\/#breadcrumb\"},\"inLanguage\":\"en-US\",\"potentialAction\":[{\"@type\":\"ReadAction\",\"target\":[\"https:\\\/\\\/www.intrakommuna.de\\\/en\\\/impressum\\\/\"]}]},{\"@type\":\"BreadcrumbList\",\"@id\":\"https:\\\/\\\/www.intrakommuna.de\\\/en\\\/impressum\\\/#breadcrumb\",\"itemListElement\":[{\"@type\":\"ListItem\",\"position\":1,\"name\":\"Startseite\",\"item\":\"https:\\\/\\\/www.intrakommuna.de\\\/\"},{\"@type\":\"ListItem\",\"position\":2,\"name\":\"imprint\"}]},{\"@type\":\"WebSite\",\"@id\":\"https:\\\/\\\/www.intrakommuna.de\\\/#website\",\"url\":\"https:\\\/\\\/www.intrakommuna.de\\\/\",\"name\":\"Intrakommuna - Kommunikationsplattform\",\"description\":\"f\u00fcr Verb\u00e4nde und \u00f6ffentliche K\u00f6rperchaften\",\"publisher\":{\"@id\":\"https:\\\/\\\/www.intrakommuna.de\\\/#organization\"},\"potentialAction\":[{\"@type\":\"SearchAction\",\"target\":{\"@type\":\"EntryPoint\",\"urlTemplate\":\"https:\\\/\\\/www.intrakommuna.de\\\/?s={search_term_string}\"},\"query-input\":{\"@type\":\"PropertyValueSpecification\",\"valueRequired\":true,\"valueName\":\"search_term_string\"}}],\"inLanguage\":\"en-US\"},{\"@type\":\"Organization\",\"@id\":\"https:\\\/\\\/www.intrakommuna.de\\\/#organization\",\"name\":\"Intrakommuna\",\"url\":\"https:\\\/\\\/www.intrakommuna.de\\\/\",\"logo\":{\"@type\":\"ImageObject\",\"inLanguage\":\"en-US\",\"@id\":\"https:\\\/\\\/www.intrakommuna.de\\\/#\\\/schema\\\/logo\\\/image\\\/\",\"url\":\"https:\\\/\\\/intrakommuna.seodach.de\\\/wp-content\\\/uploads\\\/2022\\\/04\\\/Kommuna.png\",\"contentUrl\":\"https:\\\/\\\/intrakommuna.seodach.de\\\/wp-content\\\/uploads\\\/2022\\\/04\\\/Kommuna.png\",\"width\":2048,\"height\":333,\"caption\":\"Intrakommuna\"},\"image\":{\"@id\":\"https:\\\/\\\/www.intrakommuna.de\\\/#\\\/schema\\\/logo\\\/image\\\/\"}}]}<\/script>\n<!-- \/ Yoast SEO Premium plugin. -->","yoast_head_json":{"title":"Intrakommuna - sichere Kommunikationsplattform f\u00fcr Ihre Community","description":"Intrakommuna - sichere Kommunikationsplattform f\u00fcr Ihre Community: Verb\u00e4nde, Unternehmen und kommunale Gebietsk\u00f6rperschaften","robots":{"index":"index","follow":"follow","max-snippet":"max-snippet:-1","max-image-preview":"max-image-preview:large","max-video-preview":"max-video-preview:-1"},"canonical":"https:\/\/www.intrakommuna.de\/en\/impressum\/","og_locale":"en_US","og_type":"article","og_title":"imprint","og_description":"Intrakommuna - sichere Kommunikationsplattform f\u00fcr Ihre Community: Verb\u00e4nde, Unternehmen und kommunale Gebietsk\u00f6rperschaften","og_url":"https:\/\/www.intrakommuna.de\/en\/impressum\/","og_site_name":"Intrakommuna - Kommunikationsplattform","article_modified_time":"2025-10-01T13:08:22+00:00","twitter_card":"summary_large_image","twitter_misc":{"Est. reading time":"2 minutes"},"schema":{"@context":"https:\/\/schema.org","@graph":[{"@type":"WebPage","@id":"https:\/\/www.intrakommuna.de\/en\/impressum\/","url":"https:\/\/www.intrakommuna.de\/en\/impressum\/","name":"Intrakommuna - sichere Kommunikationsplattform f\u00fcr Ihre Community","isPartOf":{"@id":"https:\/\/www.intrakommuna.de\/#website"},"datePublished":"2023-05-11T01:47:18+00:00","dateModified":"2025-10-01T13:08:22+00:00","description":"Intrakommuna - sichere Kommunikationsplattform f\u00fcr Ihre Community: Verb\u00e4nde, Unternehmen und kommunale Gebietsk\u00f6rperschaften","breadcrumb":{"@id":"https:\/\/www.intrakommuna.de\/en\/impressum\/#breadcrumb"},"inLanguage":"en-US","potentialAction":[{"@type":"ReadAction","target":["https:\/\/www.intrakommuna.de\/en\/impressum\/"]}]},{"@type":"BreadcrumbList","@id":"https:\/\/www.intrakommuna.de\/en\/impressum\/#breadcrumb","itemListElement":[{"@type":"ListItem","position":1,"name":"Startseite","item":"https:\/\/www.intrakommuna.de\/"},{"@type":"ListItem","position":2,"name":"imprint"}]},{"@type":"WebSite","@id":"https:\/\/www.intrakommuna.de\/#website","url":"https:\/\/www.intrakommuna.de\/","name":"Intrakommuna - Kommunikationsplattform","description":"f\u00fcr Verb\u00e4nde und \u00f6ffentliche K\u00f6rperchaften","publisher":{"@id":"https:\/\/www.intrakommuna.de\/#organization"},"potentialAction":[{"@type":"SearchAction","target":{"@type":"EntryPoint","urlTemplate":"https:\/\/www.intrakommuna.de\/?s={search_term_string}"},"query-input":{"@type":"PropertyValueSpecification","valueRequired":true,"valueName":"search_term_string"}}],"inLanguage":"en-US"},{"@type":"Organization","@id":"https:\/\/www.intrakommuna.de\/#organization","name":"Intrakommuna","url":"https:\/\/www.intrakommuna.de\/","logo":{"@type":"ImageObject","inLanguage":"en-US","@id":"https:\/\/www.intrakommuna.de\/#\/schema\/logo\/image\/","url":"https:\/\/intrakommuna.seodach.de\/wp-content\/uploads\/2022\/04\/Kommuna.png","contentUrl":"https:\/\/intrakommuna.seodach.de\/wp-content\/uploads\/2022\/04\/Kommuna.png","width":2048,"height":333,"caption":"Intrakommuna"},"image":{"@id":"https:\/\/www.intrakommuna.de\/#\/schema\/logo\/image\/"}}]}},"_links":{"self":[{"href":"https:\/\/www.intrakommuna.de\/en\/wp-json\/wp\/v2\/pages\/13253","targetHints":{"allow":["GET"]}}],"collection":[{"href":"https:\/\/www.intrakommuna.de\/en\/wp-json\/wp\/v2\/pages"}],"about":[{"href":"https:\/\/www.intrakommuna.de\/en\/wp-json\/wp\/v2\/types\/page"}],"author":[{"embeddable":true,"href":"https:\/\/www.intrakommuna.de\/en\/wp-json\/wp\/v2\/users\/3"}],"replies":[{"embeddable":true,"href":"https:\/\/www.intrakommuna.de\/en\/wp-json\/wp\/v2\/comments?post=13253"}],"version-history":[{"count":7,"href":"https:\/\/www.intrakommuna.de\/en\/wp-json\/wp\/v2\/pages\/13253\/revisions"}],"predecessor-version":[{"id":13261,"href":"https:\/\/www.intrakommuna.de\/en\/wp-json\/wp\/v2\/pages\/13253\/revisions\/13261"}],"wp:attachment":[{"href":"https:\/\/www.intrakommuna.de\/en\/wp-json\/wp\/v2\/media?parent=13253"}],"curies":[{"name":"wp","href":"https:\/\/api.w.org\/{rel}","templated":true}]}}